{"id":447,"date":"2018-03-31T18:02:20","date_gmt":"2018-03-31T16:02:20","guid":{"rendered":"http:\/\/isabelleklaus.ch\/portfolio\/?page_id=447"},"modified":"2019-03-22T15:21:01","modified_gmt":"2019-03-22T14:21:01","slug":"undefined-2008","status":"publish","type":"page","link":"https:\/\/isabelleklaus.ch\/portfolio\/?page_id=447","title":{"rendered":"Undefined [2008]"},"content":{"rendered":"<div id=\"attachment_450\" style=\"width: 740px\" class=\"wp-caption alignnone\"><img loading=\"lazy\" decoding=\"async\" aria-describedby=\"caption-attachment-450\" class=\"wp-image-450 size-large\" title=\"Undefined \" src=\"https:\/\/isabelleklaus.ch\/portfolio\/wp-content\/uploads\/IMG_0315cor-1024x697.jpg\" alt=\"Undefined\" width=\"730\" height=\"497\" srcset=\"https:\/\/isabelleklaus.ch\/portfolio\/wp-content\/uploads\/IMG_0315cor-1024x697.jpg 1024w, https:\/\/isabelleklaus.ch\/portfolio\/wp-content\/uploads\/IMG_0315cor-300x204.jpg 300w, https:\/\/isabelleklaus.ch\/portfolio\/wp-content\/uploads\/IMG_0315cor-768x523.jpg 768w, https:\/\/isabelleklaus.ch\/portfolio\/wp-content\/uploads\/IMG_0315cor-1200x817.jpg 1200w\" sizes=\"(max-width: 730px) 100vw, 730px\" \/><p id=\"caption-attachment-450\" class=\"wp-caption-text\">Intervention in situ, linogravure, 303 x 115,5 cm, 2008<\/p><\/div>\n<p><em>Undefined\u2009<\/em> est une pi\u00e8ce r\u00e9alis\u00e9e \u00e0 m\u00eame le sol de l\u2019atelier sur l\u2019ancien site d\u2019Artamis. Elle a \u00e9t\u00e9 cr\u00e9\u00e9 alors m\u00eame que les d\u00e9molisseurs entamaient d\u00e9j\u00e0 leur labeur. Aujourd\u2019hui, alors que le b\u00e2timent qui l\u2019abritait n\u2019existe plus, son titre en prend tout son sens.<br \/>\n<em>Undefined\u2009<\/em> est la sortie lors d\u2019une requ\u00eate informatique \u00e0 une base de donn\u00e9es dont l\u2019\u00e9l\u00e9ment n\u2019existe pas ou plus.<\/p>\n","protected":false},"excerpt":{"rendered":"<p>Undefined\u2009 est une pi\u00e8ce r\u00e9alis\u00e9e \u00e0 m\u00eame le sol de l\u2019atelier sur l\u2019ancien site d\u2019Artamis. Elle a \u00e9t\u00e9 cr\u00e9\u00e9 alors m\u00eame que les d\u00e9molisseurs entamaient d\u00e9j\u00e0 leur labeur. Aujourd\u2019hui, alors que le b\u00e2timent qui l\u2019abritait n\u2019existe plus, son titre en prend tout son sens. Undefined\u2009 est la sortie lors d\u2019une requ\u00eate informatique \u00e0 une base [&hellip;]<\/p>\n","protected":false},"author":1,"featured_media":0,"parent":0,"menu_order":0,"comment_status":"closed","ping_status":"closed","template":"","meta":{"footnotes":""},"_links":{"self":[{"href":"https:\/\/isabelleklaus.ch\/portfolio\/index.php?rest_route=\/wp\/v2\/pages\/447"}],"collection":[{"href":"https:\/\/isabelleklaus.ch\/portfolio\/index.php?rest_route=\/wp\/v2\/pages"}],"about":[{"href":"https:\/\/isabelleklaus.ch\/portfolio\/index.php?rest_route=\/wp\/v2\/types\/page"}],"author":[{"embeddable":true,"href":"https:\/\/isabelleklaus.ch\/portfolio\/index.php?rest_route=\/wp\/v2\/users\/1"}],"replies":[{"embeddable":true,"href":"https:\/\/isabelleklaus.ch\/portfolio\/index.php?rest_route=%2Fwp%2Fv2%2Fcomments&post=447"}],"version-history":[{"count":6,"href":"https:\/\/isabelleklaus.ch\/portfolio\/index.php?rest_route=\/wp\/v2\/pages\/447\/revisions"}],"predecessor-version":[{"id":593,"href":"https:\/\/isabelleklaus.ch\/portfolio\/index.php?rest_route=\/wp\/v2\/pages\/447\/revisions\/593"}],"wp:attachment":[{"href":"https:\/\/isabelleklaus.ch\/portfolio\/index.php?rest_route=%2Fwp%2Fv2%2Fmedia&parent=447"}],"curies":[{"name":"wp","href":"https:\/\/api.w.org\/{rel}","templated":true}]}}