{"id":401,"date":"2018-03-31T15:49:07","date_gmt":"2018-03-31T13:49:07","guid":{"rendered":"http:\/\/isabelleklaus.ch\/portfolio\/?page_id=401"},"modified":"2019-03-22T15:21:37","modified_gmt":"2019-03-22T14:21:37","slug":"the-thief-in-the-bitch-2011","status":"publish","type":"page","link":"https:\/\/isabelleklaus.ch\/portfolio\/?page_id=401","title":{"rendered":"The thief in the bitch [2011]"},"content":{"rendered":"<div id=\"attachment_407\" style=\"width: 480px\" class=\"wp-caption alignnone\"><img loading=\"lazy\" decoding=\"async\" aria-describedby=\"caption-attachment-407\" class=\"wp-image-407\" title=\"The thief in the bitch\" src=\"https:\/\/isabelleklaus.ch\/portfolio\/wp-content\/uploads\/DSCN6412-1-1024x751.jpg\" alt=\"The thief in the bitch\" width=\"470\" height=\"345\" srcset=\"https:\/\/isabelleklaus.ch\/portfolio\/wp-content\/uploads\/DSCN6412-1-1024x751.jpg 1024w, https:\/\/isabelleklaus.ch\/portfolio\/wp-content\/uploads\/DSCN6412-1-300x220.jpg 300w, https:\/\/isabelleklaus.ch\/portfolio\/wp-content\/uploads\/DSCN6412-1-768x563.jpg 768w, https:\/\/isabelleklaus.ch\/portfolio\/wp-content\/uploads\/DSCN6412-1-1200x880.jpg 1200w, https:\/\/isabelleklaus.ch\/portfolio\/wp-content\/uploads\/DSCN6412-1.jpg 1400w\" sizes=\"(max-width: 470px) 100vw, 470px\" \/><p id=\"caption-attachment-407\" class=\"wp-caption-text\">Photographie, tirage num\u00e9rique, cadre, 28 x 38 cm, 2011<\/p><\/div>\n<p><em>The Thief in the bitch<\/em> est une photographie prise lors d\u2019une rupture amoureuse cairote.<br \/>\nSon esth\u00e9tique picturale reprend le genre de la nature morte. Elle est encadr\u00e9e \u00ab \u00e0 l\u2019egyptienne \u00bb puis accroch\u00e9e sur la tr\u00e8s \u00ab\u2009pop\u2009\u00bb tapisserie peinte par Anne du Boistesselin.<br \/>\nLa distance \u00e0 laquelle se place le spectateur modifie son regard. La pi\u00e8ce appr\u00e9hend\u00e9e en focale grand-angle lui donne un tableau naivement esth\u00e9tique. Plus il zoome, plus la r\u00e9alit\u00e9 repr\u00e9sent\u00e9e lui appara\u00eet crue.<\/p>\n<p><small>&laquo; Ainsi donc la qu\u00eate du personnage de N\u00fbr, en vue de sortir du gouffre de la prostitution et de mener une vie \u201cpropre\u201d avec l\u2019homme qu\u2019elle aimait, est sold\u00e9e par un \u00e9chec car la prostitu\u00e9e aussi bien que le voleur assassin sont condamn\u00e9s d\u2019avance par la soci\u00e9t\u00e9 quelles que soient leurs motivations.\u2009&raquo; Fawzia al Ashmawi-Abouzeid, La femme et l\u2019Egypte moderne dans l\u2019oeuvre de Naguib Mahfuz (1939-1967), <\/small><\/p>\n","protected":false},"excerpt":{"rendered":"<p>The Thief in the bitch est une photographie prise lors d\u2019une rupture amoureuse cairote. Son esth\u00e9tique picturale reprend le genre de la nature morte. Elle est encadr\u00e9e \u00ab \u00e0 l\u2019egyptienne \u00bb puis accroch\u00e9e sur la tr\u00e8s \u00ab\u2009pop\u2009\u00bb tapisserie peinte par Anne du Boistesselin. La distance \u00e0 laquelle se place le spectateur modifie son regard. La [&hellip;]<\/p>\n","protected":false},"author":1,"featured_media":0,"parent":0,"menu_order":0,"comment_status":"closed","ping_status":"closed","template":"","meta":{"footnotes":""},"_links":{"self":[{"href":"https:\/\/isabelleklaus.ch\/portfolio\/index.php?rest_route=\/wp\/v2\/pages\/401"}],"collection":[{"href":"https:\/\/isabelleklaus.ch\/portfolio\/index.php?rest_route=\/wp\/v2\/pages"}],"about":[{"href":"https:\/\/isabelleklaus.ch\/portfolio\/index.php?rest_route=\/wp\/v2\/types\/page"}],"author":[{"embeddable":true,"href":"https:\/\/isabelleklaus.ch\/portfolio\/index.php?rest_route=\/wp\/v2\/users\/1"}],"replies":[{"embeddable":true,"href":"https:\/\/isabelleklaus.ch\/portfolio\/index.php?rest_route=%2Fwp%2Fv2%2Fcomments&post=401"}],"version-history":[{"count":15,"href":"https:\/\/isabelleklaus.ch\/portfolio\/index.php?rest_route=\/wp\/v2\/pages\/401\/revisions"}],"predecessor-version":[{"id":596,"href":"https:\/\/isabelleklaus.ch\/portfolio\/index.php?rest_route=\/wp\/v2\/pages\/401\/revisions\/596"}],"wp:attachment":[{"href":"https:\/\/isabelleklaus.ch\/portfolio\/index.php?rest_route=%2Fwp%2Fv2%2Fmedia&parent=401"}],"curies":[{"name":"wp","href":"https:\/\/api.w.org\/{rel}","templated":true}]}}