{"id":396,"date":"2018-03-31T15:45:26","date_gmt":"2018-03-31T13:45:26","guid":{"rendered":"http:\/\/isabelleklaus.ch\/portfolio\/?page_id=396"},"modified":"2019-03-22T15:20:17","modified_gmt":"2019-03-22T14:20:17","slug":"paraboles-2012","status":"publish","type":"page","link":"https:\/\/isabelleklaus.ch\/portfolio\/?page_id=396","title":{"rendered":"Paraboles [2012]"},"content":{"rendered":"<div id=\"attachment_397\" style=\"width: 740px\" class=\"wp-caption alignnone\"><img loading=\"lazy\" decoding=\"async\" aria-describedby=\"caption-attachment-397\" class=\"wp-image-397 size-large\" title=\"Paraboles\" src=\"https:\/\/isabelleklaus.ch\/portfolio\/wp-content\/uploads\/DSC9133-1024x681.jpg\" alt=\"Paraboles\" width=\"730\" height=\"485\" srcset=\"https:\/\/isabelleklaus.ch\/portfolio\/wp-content\/uploads\/DSC9133-1024x681.jpg 1024w, https:\/\/isabelleklaus.ch\/portfolio\/wp-content\/uploads\/DSC9133-300x200.jpg 300w, https:\/\/isabelleklaus.ch\/portfolio\/wp-content\/uploads\/DSC9133-768x511.jpg 768w, https:\/\/isabelleklaus.ch\/portfolio\/wp-content\/uploads\/DSC9133-600x400.jpg 600w, https:\/\/isabelleklaus.ch\/portfolio\/wp-content\/uploads\/DSC9133-1200x798.jpg 1200w\" sizes=\"(max-width: 730px) 100vw, 730px\" \/><p id=\"caption-attachment-397\" class=\"wp-caption-text\">Installation avec performance de B\u00e9atrice Graf, antennes paraboliques, vernis polyur\u00e9thane, 2012<\/p><\/div>\n<p>L\u2019une des nombreuses particularit\u00e9s de la ville du Caire est le nombre d\u2019antennes paraboliques individuelles visibles sur les toits d\u2019immeubles.<br \/>\nChaque m\u00e9nage est \u00e9quip\u00e9 d\u2019un poste de t\u00e9l\u00e9vision raccord\u00e9 \u00e0 sa parabole personnelle. Les sitcoms produits au Caire sont distribu\u00e9s dans tout le monde arabe, du Maroc \u00e0 l\u2019Irak. Ainsi, le dialecte \u00e9gyptien a pris \u00e9norm\u00e9ment d\u2019ampleur et est compris par le pus grand nombre et remplace petit \u00e0 petit l\u2019arabe classique.<br \/>\nParaboles se compose de huit antennes paraboliques recouvertes d\u2019un vernis polyur\u00e9thanne et ayant un diam\u00e8tre allant de 55 cm \u00e0 180 cm.<br \/>\nEn d\u00e9tournant l\u2019usage habitue l de ces objets, ces parabole servent de cymbales \u00e0 la musicienne B\u00e9atrice Graf qui y produit des performances sonoreslors des ouvertures publiques.<br \/>\nCes cymbales sont reli\u00e9es \u00e0 un amplificateur Low-tech\u2009: le radio-cassette, objet populaire encore tr\u00e8s largement utilis\u00e9 au Caire.<br \/>\nEn transf\u00e9rant l\u2019emplacement usuel des antennes paraboliques de l\u2019espace ext\u00e9rieur vers l\u2019 espace priv\u00e9 (int\u00e9rieur\/foyer), ces r\u00e9cepteursne captent ainsi plus les satellites mais \u00e9mettent un son directement engendr\u00e9 par la main.<\/p>\n","protected":false},"excerpt":{"rendered":"<p>L\u2019une des nombreuses particularit\u00e9s de la ville du Caire est le nombre d\u2019antennes paraboliques individuelles visibles sur les toits d\u2019immeubles. Chaque m\u00e9nage est \u00e9quip\u00e9 d\u2019un poste de t\u00e9l\u00e9vision raccord\u00e9 \u00e0 sa parabole personnelle. Les sitcoms produits au Caire sont distribu\u00e9s dans tout le monde arabe, du Maroc \u00e0 l\u2019Irak. Ainsi, le dialecte \u00e9gyptien a pris [&hellip;]<\/p>\n","protected":false},"author":1,"featured_media":0,"parent":0,"menu_order":0,"comment_status":"closed","ping_status":"closed","template":"","meta":{"footnotes":""},"_links":{"self":[{"href":"https:\/\/isabelleklaus.ch\/portfolio\/index.php?rest_route=\/wp\/v2\/pages\/396"}],"collection":[{"href":"https:\/\/isabelleklaus.ch\/portfolio\/index.php?rest_route=\/wp\/v2\/pages"}],"about":[{"href":"https:\/\/isabelleklaus.ch\/portfolio\/index.php?rest_route=\/wp\/v2\/types\/page"}],"author":[{"embeddable":true,"href":"https:\/\/isabelleklaus.ch\/portfolio\/index.php?rest_route=\/wp\/v2\/users\/1"}],"replies":[{"embeddable":true,"href":"https:\/\/isabelleklaus.ch\/portfolio\/index.php?rest_route=%2Fwp%2Fv2%2Fcomments&post=396"}],"version-history":[{"count":5,"href":"https:\/\/isabelleklaus.ch\/portfolio\/index.php?rest_route=\/wp\/v2\/pages\/396\/revisions"}],"predecessor-version":[{"id":589,"href":"https:\/\/isabelleklaus.ch\/portfolio\/index.php?rest_route=\/wp\/v2\/pages\/396\/revisions\/589"}],"wp:attachment":[{"href":"https:\/\/isabelleklaus.ch\/portfolio\/index.php?rest_route=%2Fwp%2Fv2%2Fmedia&parent=396"}],"curies":[{"name":"wp","href":"https:\/\/api.w.org\/{rel}","templated":true}]}}