{"id":386,"date":"2018-03-31T15:34:32","date_gmt":"2018-03-31T13:34:32","guid":{"rendered":"http:\/\/isabelleklaus.ch\/portfolio\/?page_id=386"},"modified":"2025-05-15T22:19:53","modified_gmt":"2025-05-15T20:19:53","slug":"siwa","status":"publish","type":"page","link":"https:\/\/isabelleklaus.ch\/portfolio\/?page_id=386","title":{"rendered":"Siwa [2012]"},"content":{"rendered":"<div id=\"attachment_390\" style=\"width: 740px\" class=\"wp-caption alignnone\"><img loading=\"lazy\" decoding=\"async\" aria-describedby=\"caption-attachment-390\" class=\"wp-image-390 size-large\" title=\"Siwa\" src=\"https:\/\/isabelleklaus.ch\/portfolio\/wp-content\/uploads\/montage-1024x224.jpg\" alt=\"Siwa\" width=\"730\" height=\"160\" srcset=\"https:\/\/isabelleklaus.ch\/portfolio\/wp-content\/uploads\/montage-1024x224.jpg 1024w, https:\/\/isabelleklaus.ch\/portfolio\/wp-content\/uploads\/montage-300x66.jpg 300w, https:\/\/isabelleklaus.ch\/portfolio\/wp-content\/uploads\/montage-768x168.jpg 768w, https:\/\/isabelleklaus.ch\/portfolio\/wp-content\/uploads\/montage-1200x263.jpg 1200w\" sizes=\"(max-width: 730px) 100vw, 730px\" \/><p id=\"caption-attachment-390\" class=\"wp-caption-text\">Triptyque, tirages photographiques, acryl 4mm, 30 x 40 cm (x 3), 2012<\/p><\/div>\n<p>Ce triptyque photographique forme une s\u00e9rie qui se relie formellement tout en sugg\u00e9rant une dimension narrative.<br \/>\nLes prises de vues ont \u00e9t\u00e9 r\u00e9alis\u00e9es \u00e0 Siwa (\u00c9gypte), r\u00e9gion fronti\u00e8re avec la Libye o\u00f9 des trafics s\u2019op\u00e8rent dans le d\u00e9sert.<br \/>\nLa mise au point est faite sur le premier plan abstrait. A travers la vitre au filtre rose du 4&#215;4 lors d\u2019une temp\u00eate de sable, un voile s\u2019interpose entre le sujet principal, les hommes coiff\u00e9s de leurs keffieh et l\u2019artiste.<\/p>\n","protected":false},"excerpt":{"rendered":"<p>Ce triptyque photographique forme une s\u00e9rie qui se relie formellement tout en sugg\u00e9rant une dimension narrative. Les prises de vues ont \u00e9t\u00e9 r\u00e9alis\u00e9es \u00e0 Siwa (\u00c9gypte), r\u00e9gion fronti\u00e8re avec la Libye o\u00f9 des trafics s\u2019op\u00e8rent dans le d\u00e9sert. La mise au point est faite sur le premier plan abstrait. A travers la vitre au filtre [&hellip;]<\/p>\n","protected":false},"author":1,"featured_media":0,"parent":0,"menu_order":0,"comment_status":"closed","ping_status":"closed","template":"","meta":{"footnotes":""},"_links":{"self":[{"href":"https:\/\/isabelleklaus.ch\/portfolio\/index.php?rest_route=\/wp\/v2\/pages\/386"}],"collection":[{"href":"https:\/\/isabelleklaus.ch\/portfolio\/index.php?rest_route=\/wp\/v2\/pages"}],"about":[{"href":"https:\/\/isabelleklaus.ch\/portfolio\/index.php?rest_route=\/wp\/v2\/types\/page"}],"author":[{"embeddable":true,"href":"https:\/\/isabelleklaus.ch\/portfolio\/index.php?rest_route=\/wp\/v2\/users\/1"}],"replies":[{"embeddable":true,"href":"https:\/\/isabelleklaus.ch\/portfolio\/index.php?rest_route=%2Fwp%2Fv2%2Fcomments&post=386"}],"version-history":[{"count":9,"href":"https:\/\/isabelleklaus.ch\/portfolio\/index.php?rest_route=\/wp\/v2\/pages\/386\/revisions"}],"predecessor-version":[{"id":938,"href":"https:\/\/isabelleklaus.ch\/portfolio\/index.php?rest_route=\/wp\/v2\/pages\/386\/revisions\/938"}],"wp:attachment":[{"href":"https:\/\/isabelleklaus.ch\/portfolio\/index.php?rest_route=%2Fwp%2Fv2%2Fmedia&parent=386"}],"curies":[{"name":"wp","href":"https:\/\/api.w.org\/{rel}","templated":true}]}}