{"id":358,"date":"2018-03-28T18:47:31","date_gmt":"2018-03-28T16:47:31","guid":{"rendered":"http:\/\/isabelleklaus.ch\/portfolio\/?page_id=358"},"modified":"2025-05-15T22:21:18","modified_gmt":"2025-05-15T20:21:18","slug":"cinderella","status":"publish","type":"page","link":"https:\/\/isabelleklaus.ch\/portfolio\/?page_id=358","title":{"rendered":"Cinderella [2013]"},"content":{"rendered":"<div id=\"attachment_364\" style=\"width: 480px\" class=\"wp-caption alignnone\"><img loading=\"lazy\" decoding=\"async\" aria-describedby=\"caption-attachment-364\" class=\"wp-image-364\" title=\"Cinderella\" src=\"https:\/\/isabelleklaus.ch\/portfolio\/wp-content\/uploads\/VDB_7261_web-1024x944.jpg\" alt=\"Cinderella\" width=\"470\" height=\"433\" srcset=\"https:\/\/isabelleklaus.ch\/portfolio\/wp-content\/uploads\/VDB_7261_web-1024x944.jpg 1024w, https:\/\/isabelleklaus.ch\/portfolio\/wp-content\/uploads\/VDB_7261_web-300x276.jpg 300w, https:\/\/isabelleklaus.ch\/portfolio\/wp-content\/uploads\/VDB_7261_web-768x708.jpg 768w, https:\/\/isabelleklaus.ch\/portfolio\/wp-content\/uploads\/VDB_7261_web-1200x1106.jpg 1200w, https:\/\/isabelleklaus.ch\/portfolio\/wp-content\/uploads\/VDB_7261_web.jpg 1400w\" sizes=\"(max-width: 470px) 100vw, 470px\" \/><p id=\"caption-attachment-364\" class=\"wp-caption-text\">Sculpture, pi\u00e8ce unique, c\u00e9ramique, acrylique. 22 x 8 x 9 cm (x 2), 2013<\/p><\/div>\n<p>Reproduction artisanale en c\u00e9ramique d\u2019une paire de mules \u00e0 l\u2019\u00e9chelle 1\/1.<br \/>\n<em>Cinderella<\/em> interroge les st\u00e9r\u00e9otypes de la f\u00e9minit\u00e9: la mule, la mati\u00e8re fragile, la couleur rose, et ouvre sur une narration libre.<\/p>\n<p><small>\u00abTout \u00e7a, c\u2019est encore un complot patriarcal: la femme doit \u00eatre un objet de d\u00e9sir, l\u2019homme doit \u00eatre un maquignon, un client, un acheteur. Elle, elle doit \u00eatre bonne \u00e0 vendre, elle doit s\u2019autopromouvoir (encore le syndrome de Sch\u00e9h\u00e9razade).\u00bb Joumana Haddad, Superman est arabe<\/small><\/p>\n","protected":false},"excerpt":{"rendered":"<p>Reproduction artisanale en c\u00e9ramique d\u2019une paire de mules \u00e0 l\u2019\u00e9chelle 1\/1. Cinderella interroge les st\u00e9r\u00e9otypes de la f\u00e9minit\u00e9: la mule, la mati\u00e8re fragile, la couleur rose, et ouvre sur une narration libre. \u00abTout \u00e7a, c\u2019est encore un complot patriarcal: la femme doit \u00eatre un objet de d\u00e9sir, l\u2019homme doit \u00eatre un maquignon, un client, un [&hellip;]<\/p>\n","protected":false},"author":1,"featured_media":0,"parent":0,"menu_order":0,"comment_status":"closed","ping_status":"closed","template":"","meta":{"footnotes":""},"_links":{"self":[{"href":"https:\/\/isabelleklaus.ch\/portfolio\/index.php?rest_route=\/wp\/v2\/pages\/358"}],"collection":[{"href":"https:\/\/isabelleklaus.ch\/portfolio\/index.php?rest_route=\/wp\/v2\/pages"}],"about":[{"href":"https:\/\/isabelleklaus.ch\/portfolio\/index.php?rest_route=\/wp\/v2\/types\/page"}],"author":[{"embeddable":true,"href":"https:\/\/isabelleklaus.ch\/portfolio\/index.php?rest_route=\/wp\/v2\/users\/1"}],"replies":[{"embeddable":true,"href":"https:\/\/isabelleklaus.ch\/portfolio\/index.php?rest_route=%2Fwp%2Fv2%2Fcomments&post=358"}],"version-history":[{"count":21,"href":"https:\/\/isabelleklaus.ch\/portfolio\/index.php?rest_route=\/wp\/v2\/pages\/358\/revisions"}],"predecessor-version":[{"id":939,"href":"https:\/\/isabelleklaus.ch\/portfolio\/index.php?rest_route=\/wp\/v2\/pages\/358\/revisions\/939"}],"wp:attachment":[{"href":"https:\/\/isabelleklaus.ch\/portfolio\/index.php?rest_route=%2Fwp%2Fv2%2Fmedia&parent=358"}],"curies":[{"name":"wp","href":"https:\/\/api.w.org\/{rel}","templated":true}]}}