{"id":336,"date":"2018-03-28T17:10:46","date_gmt":"2018-03-28T15:10:46","guid":{"rendered":"http:\/\/isabelleklaus.ch\/portfolio\/?page_id=336"},"modified":"2019-03-22T16:12:39","modified_gmt":"2019-03-22T15:12:39","slug":"apothicaire","status":"publish","type":"page","link":"https:\/\/isabelleklaus.ch\/portfolio\/?page_id=336","title":{"rendered":"ApothiCaire [2017]"},"content":{"rendered":"<div id=\"attachment_342\" style=\"width: 470px\" class=\"wp-caption alignnone\"><img loading=\"lazy\" decoding=\"async\" aria-describedby=\"caption-attachment-342\" class=\"wp-image-342\" title=\"ApothiCaire\" src=\"https:\/\/isabelleklaus.ch\/portfolio\/wp-content\/uploads\/apothicaire_web-1-808x1024.jpg\" alt=\"ApothiCaire\" width=\"460\" height=\"583\" srcset=\"https:\/\/isabelleklaus.ch\/portfolio\/wp-content\/uploads\/apothicaire_web-1-808x1024.jpg 808w, https:\/\/isabelleklaus.ch\/portfolio\/wp-content\/uploads\/apothicaire_web-1-237x300.jpg 237w, https:\/\/isabelleklaus.ch\/portfolio\/wp-content\/uploads\/apothicaire_web-1-768x973.jpg 768w, https:\/\/isabelleklaus.ch\/portfolio\/wp-content\/uploads\/apothicaire_web-1.jpg 1200w\" sizes=\"(max-width: 460px) 100vw, 460px\" \/><p id=\"caption-attachment-342\" class=\"wp-caption-text\">Tableau. Lexotanil 3mg, vernis, cadre. 8,8 x 6,5 cm, 2017<\/p><\/div>\n<p><i>ApothiCaire<\/i> est une pi\u00e8ce miniature compos\u00e9e d&rsquo;un cadre \u00e0 strass achet\u00e9 dans un magasin de pacotilles et d\u2019un m\u00e9dicament psychotrope trouv\u00e9 au fond d\u2019une trousse de maquillage. Ces \u00e9l\u00e9ments ont \u00e9t\u00e9 agenc\u00e9s intuitivement.<br \/>\nL&rsquo;extr\u00eame petite taille de cette pi\u00e8ce induit un regard rapproch\u00e9 de la part du spectateur tout en le renvoyant vers sa propre consommation de m\u00e9dicaments.<\/p>\n<p><small> \u00ab Dans nos soci\u00e9t\u00e9s o\u00f9 l\u2019hygi\u00e8ne et\u00a0l\u2019obsession sanitaire n\u2019autorisent l\u2019absorption des psychotropes qu\u2019en tant que m\u00e9dicaments reconnus, contr\u00f4l\u00e9s par la m\u00e9decine et par les assurances maladie \u00bb. Le Temps 27 f\u00e9vrier 2013 \u00abInspir\u00e9s par les drogues\u00bb<br \/>\n<\/small><\/p>\n","protected":false},"excerpt":{"rendered":"<p>ApothiCaire est une pi\u00e8ce miniature compos\u00e9e d&rsquo;un cadre \u00e0 strass achet\u00e9 dans un magasin de pacotilles et d\u2019un m\u00e9dicament psychotrope trouv\u00e9 au fond d\u2019une trousse de maquillage. Ces \u00e9l\u00e9ments ont \u00e9t\u00e9 agenc\u00e9s intuitivement. L&rsquo;extr\u00eame petite taille de cette pi\u00e8ce induit un regard rapproch\u00e9 de la part du spectateur tout en le renvoyant vers sa propre [&hellip;]<\/p>\n","protected":false},"author":1,"featured_media":0,"parent":0,"menu_order":0,"comment_status":"closed","ping_status":"closed","template":"","meta":{"footnotes":""},"_links":{"self":[{"href":"https:\/\/isabelleklaus.ch\/portfolio\/index.php?rest_route=\/wp\/v2\/pages\/336"}],"collection":[{"href":"https:\/\/isabelleklaus.ch\/portfolio\/index.php?rest_route=\/wp\/v2\/pages"}],"about":[{"href":"https:\/\/isabelleklaus.ch\/portfolio\/index.php?rest_route=\/wp\/v2\/types\/page"}],"author":[{"embeddable":true,"href":"https:\/\/isabelleklaus.ch\/portfolio\/index.php?rest_route=\/wp\/v2\/users\/1"}],"replies":[{"embeddable":true,"href":"https:\/\/isabelleklaus.ch\/portfolio\/index.php?rest_route=%2Fwp%2Fv2%2Fcomments&post=336"}],"version-history":[{"count":16,"href":"https:\/\/isabelleklaus.ch\/portfolio\/index.php?rest_route=\/wp\/v2\/pages\/336\/revisions"}],"predecessor-version":[{"id":615,"href":"https:\/\/isabelleklaus.ch\/portfolio\/index.php?rest_route=\/wp\/v2\/pages\/336\/revisions\/615"}],"wp:attachment":[{"href":"https:\/\/isabelleklaus.ch\/portfolio\/index.php?rest_route=%2Fwp%2Fv2%2Fmedia&parent=336"}],"curies":[{"name":"wp","href":"https:\/\/api.w.org\/{rel}","templated":true}]}}